{"id":7,"date":"2022-05-23T18:20:00","date_gmt":"2022-05-23T18:20:00","guid":{"rendered":"https:\/\/cantoyespiritu.com\/?page_id=7"},"modified":"2025-06-17T13:15:03","modified_gmt":"2025-06-17T13:15:03","slug":"canto-y-espiritu","status":"publish","type":"page","link":"https:\/\/cantoyespiritu.com\/en\/","title":{"rendered":"Song and spirit"},"content":{"rendered":"<div class=\"contenedor\">\n\t<h3 class=\"texto-centro\">Singing classes in Puerto Vallarta, available at:<\/h3>\n\t<div class=\"items-redonda\">\n\t\t<div class=\"item-redonda\">\n\t\t\t<div class=\"imagen-redonda\">\n\t\t\t\t<img decoding=\"async\" src=\"\/wp-content\/uploads\/2022\/06\/espanol.png\" alt=\"Espa\u00f1ol\">\n\t\t\t<\/div>\n\t\t\t<h3 class=\"titulo-redonda\">Spanish<\/h3>\n\t\t<\/div>\n\t\t<div class=\"item-redonda\">\n\t\t\t<div class=\"imagen-redonda\">\n\t\t\t\t<img decoding=\"async\" src=\"\/wp-content\/uploads\/2022\/06\/ingles.png\" alt=\"Ingl\u00e9s\">\n\t\t\t<\/div>\n\t\t\t<h3 class=\"titulo-redonda\">English<\/h3>\n\t\t<\/div>\n\t\t<div class=\"item-redonda\">\n\t\t\t<div class=\"imagen-redonda\">\n\t\t\t\t<img decoding=\"async\" src=\"\/wp-content\/uploads\/2022\/06\/italiano.png\" alt=\"Italiano\">\n\t\t\t<\/div>\n\t\t\t<h3 class=\"titulo-redonda\">Italian<\/h3>\n\t\t<\/div>\n\t<\/div>\n<\/div>\n<div class=\"fondo-degradado\">\n\t<div class=\"contenedor\">\n\t\t<div class=\"home-experiencia\">\n\t\t\t<div class=\"columna\">\n\t\t\t\t<div class=\"interior-columna\">\n\t\t\t\t\t<div class=\"imagen\">\n\t\t\t\t\t\t<img decoding=\"async\" src=\"\/wp-content\/uploads\/2022\/06\/Martha-1.jpg\">\n\t\t\t\t\t<\/div>\n\t\t\t\t<\/div>\n\t\t\t<\/div>\n\t\t\t<div class=\"columna\">\n\t\t\t\t<div class=\"interior-columna\">\n\t\t\t\t\t<span class=\"copete\">Professional experience<\/span>\n\t\t\t\t\t<h2 class=\"titulo\">Master Martha Silva<\/h2>\n\t\t\t\t\t<p>What better than the experience granted by a career of more than 30 years as a singer, director and singing teacher to guide you in finding and developing your own voice.<\/p>\n\t\t\t\t\t<p>Teacher Martha Silva has dedicated her life to professionally delve into the marvelous beauty of vocal expression.<\/p>\n\t\t\t\t\t<a href=\"https:\/\/cantoyespiritu.com\/en\/experiencia\/\" class=\"boton color-dos\">learn more<\/a>\n\t\t\t\t<\/div>\n\t\t\t<\/div>\n\t\t<\/div>\n\t<\/div>\n<\/div>\n<div class=\"contenedor\">\n\t<h2 class=\"texto-centro\">Personalized classes<\/h2>\n\t<p class=\"texto-centro\">Aimed at youth and adults at all levels of experience.<\/p>\n\t<div class=\"alternado\">\n\t\t<div class=\"par\">\n\t\t\t<div class=\"img izq\">\n\t\t\t\t<div class=\"foto\" style=\"background-image: url('\/wp-content\/uploads\/2022\/06\/3.jpg');\"><\/div>\n\t\t\t<\/div>\n\t\t\t<div class=\"txt der\">\n\t\t\t\t<h3>Holistic Singing<\/h3>\n\t\t\t\t<p>The human voice and the respiratory process as a means for your inner development.<\/p>\n\t\t\t<\/div>\n\t\t<\/div>\n\t\t<div class=\"par\">\n\t\t\t<div class=\"txt izq\">\n\t\t\t\t<h3>Classical and Popular Singing<\/h3>\n\t\t\t\t<p>Personalized classes for youth and adults. Beginner, intermediate or advanced level.<\/p>\n\t\t\t<\/div>\n\t\t\t<div class=\"img der\">\n\t\t\t\t<div class=\"foto\" style=\"background-image: url('\/wp-content\/uploads\/2022\/06\/4.jpg');\"><\/div>\n\t\t\t<\/div>\n\t\t<\/div>\n\t\t<div class=\"par\">\n\t\t\t<div class=\"img izq\">\n\t\t\t\t<div class=\"foto\" style=\"background-image: url('\/wp-content\/uploads\/2022\/06\/1.jpg');\"><\/div>\n\t\t\t<\/div>\n\t\t\t<div class=\"txt der\">\n\t\t\t\t<h3>Broadcast and communication problems<\/h3>\n\t\t\t\t<p>Eliminate communication barriers that can affect your professional or personal development.<\/p>\n\t\t\t<\/div>\n\t\t<\/div>\n\t\t<div class=\"par\">\n\t\t\t<div class=\"txt izq\">\n\t\t\t\t<h3>Breathing and speaking techniques<\/h3>\n\t\t\t\t<p>Discover the potential of vocal expression through correct breathing.<\/p>\n\t\t\t<\/div>\n\t\t\t<div class=\"img der\">\n\t\t\t\t<div class=\"foto\" style=\"background-image: url('\/wp-content\/uploads\/2022\/06\/2.jpg');\"><\/div>\n\t\t\t<\/div>\n\t\t<\/div>\n\t<\/div>\n<\/div>\n<div class=\"fondo-degradado\">\n\t<div class=\"contenedor\">\n\t\t<div class=\"home-experiencia\">\n\t\t\t<div class=\"columna\">\n\t\t\t\t<div class=\"interior-columna\">\n\t\t\t\t\t<span class=\"copete\">News<\/span>\n\t\t\t\t\t<h2 class=\"titulo\">Hummingbird Vocal Ensemble<\/h2>\n\t\t\t\t\t<p>Currently, Master Martha Silva participates as director and soprano voice in &quot;Colibr\u00ed vocal ensemble&quot; together with professional singers Denisse Alcantar, Angeles San Rom\u00e1n, Laura Renter\u00eda and Cecilia Jara. This beautiful accapella singing project is about to release its album.<\/p>\n\t\t\t\t\t<p>Here is a small sample of his work:<\/p>\n\t\t\t\t\t<audio style=\"display:block;width:100%;height:54px\" preload=\"metadata\" controls=\"\" src=\"\/wp-content\/audio\/pista01.mpeg\"><\/audio>\n\t\t\t\t<\/div>\n\t\t\t<\/div>\n\t\t\t<div class=\"columna\">\n\t\t\t\t<div class=\"interior-columna\">\n\t\t\t\t\t<div class=\"imagen\">\n\t\t\t\t\t\t<img decoding=\"async\" src=\"\/wp-content\/uploads\/2022\/06\/colibri.jpg\">\n\t\t\t\t\t<\/div>\n\t\t\t\t<\/div>\n\t\t\t<\/div>\n\t\t<\/div>\n\t<\/div>\n<\/div>","protected":false},"excerpt":{"rendered":"<p>Singing classes in Puerto Vallarta, available in: Spanish English Italian Professional Experience Teacher Martha Silva What better than the experience granted by a career of more than 30 years as a singer, director and singing teacher to guide you in finding and developing your own voice. Teacher Martha Silva has dedicated her\u2026 <a title=\"Song and spirit\" class=\"read-more\" href=\"https:\/\/cantoyespiritu.com\/en\/\" aria-label=\"More on Song and spirit\">Read more<\/a><\/p>","protected":false},"author":1,"featured_media":0,"parent":0,"menu_order":0,"comment_status":"closed","ping_status":"closed","template":"","meta":{"footnotes":""},"class_list":["post-7","page","type-page","status-publish"],"_links":{"self":[{"href":"https:\/\/cantoyespiritu.com\/en\/wp-json\/wp\/v2\/pages\/7","targetHints":{"allow":["GET"]}}],"collection":[{"href":"https:\/\/cantoyespiritu.com\/en\/wp-json\/wp\/v2\/pages"}],"about":[{"href":"https:\/\/cantoyespiritu.com\/en\/wp-json\/wp\/v2\/types\/page"}],"author":[{"embeddable":true,"href":"https:\/\/cantoyespiritu.com\/en\/wp-json\/wp\/v2\/users\/1"}],"replies":[{"embeddable":true,"href":"https:\/\/cantoyespiritu.com\/en\/wp-json\/wp\/v2\/comments?post=7"}],"version-history":[{"count":9,"href":"https:\/\/cantoyespiritu.com\/en\/wp-json\/wp\/v2\/pages\/7\/revisions"}],"predecessor-version":[{"id":104,"href":"https:\/\/cantoyespiritu.com\/en\/wp-json\/wp\/v2\/pages\/7\/revisions\/104"}],"wp:attachment":[{"href":"https:\/\/cantoyespiritu.com\/en\/wp-json\/wp\/v2\/media?parent=7"}],"curies":[{"name":"wp","href":"https:\/\/api.w.org\/{rel}","templated":true}]}}