{"id":58,"date":"2022-06-17T18:06:47","date_gmt":"2022-06-17T18:06:47","guid":{"rendered":"https:\/\/cantoyespiritu.com\/?page_id=58"},"modified":"2022-06-21T22:44:10","modified_gmt":"2022-06-21T22:44:10","slug":"canto-holistico","status":"publish","type":"page","link":"https:\/\/cantoyespiritu.com\/en\/canto-holistico\/","title":{"rendered":"holistic singing"},"content":{"rendered":"<div class=\"fondo-degradado-dos\">\n\t<div class=\"contenedor\">\n\t\t<div class=\"holistico-2col\">\n\t\t\t<div class=\"columna\">\n\t\t\t\t<div class=\"interior-columna\">\n\t\t\t\t\t<div class=\"imagen\">\n\t\t\t\t\t\t<img decoding=\"async\" src=\"\/wp-content\/uploads\/2022\/06\/canto-y-espiritu-2.jpg\">\n\t\t\t\t\t<\/div>\n\t\t\t\t<\/div>\n\t\t\t<\/div>\n\t\t\t<div class=\"columna\">\n\t\t\t\t<div class=\"interior-columna\">\n\t\t\t\t\t<h2 class=\"cita\">\u201cThe human voice and the respiratory process as a means for your inner development\u201d<\/h2>\n\t\t\t\t<\/div>\n\t\t\t<\/div>\n\t\t<\/div>\n\t<\/div>\n<\/div>\n\n<div class=\"contenedor\">\n\t<p>Healing through the voice develops the power of convocation and conviction, personal security and forms a resistant respiratory system and that allows us to meditate deeper and calm down when you require it or have more energy if you need it, breathing is the best weapon to fight diseases, sadness, lack of energy. <b>The breath is magnificent!<\/b><\/p>\n\t<h3 class=\"color-tres\">You don&#039;t need to be a singer, absolutely everyone can heal through the voice<\/h3>\n\t<h3>How does voice healing work?<\/h3>\n\t<p>In this time, in which we talk about Schumann resonances and quantum physics, and we know that scientifically it works without a doubt, we can talk about physical and mental healing through work with the respiratory system and vocal cords (fourth and fifth chakras). ). Everything our body and mind learn, everything they experience, <b>all external stimuli are captured, digested and then externalized<\/b> in two ways: body language and voice (either spoken or sung).<\/p>\n\t<p>When you suffer from physical and unexpressed pain, the pain increases and obviously the risk as well. You suffer from emotional pain and it is not expressed, the same thing happens. when we do not correctly communicate pain, disagreement, sadness, anguish, anger, energy accumulates and leads to real illness.<\/p>\n\t<p>The appropriate use of the voice to express beauty, sadness, love, pain, etc., is one of the most effective tools for physical, mental and emotional healing.<\/p>\n\t<h3>What can be cured or treated with this therapy?<\/h3>\n\t<p>On a physical level: Lung weakness, insomnia, certain neural disorders, psychomotor problems, respiratory tract diseases.<\/p>\n\t<p>On an emotional level: Panic, claustrophobia, insecurity and lack of self-esteem, accumulated sadness and communication problems.<\/p>\n\t<p>&nbsp;<\/p>\n\t<h3 class=\"color-tres texto-centro\">unlock your mind<\/h3>\n\t<h2 class=\"color-uno-claro texto-centro\">LIVE IN FULLNESS<\/h2>\n\t<img decoding=\"async\" src=\"\/wp-content\/uploads\/2022\/06\/reiki.png\" alt=\"Martha Silva\" style=\"width:100%;\">\n\t<p>&nbsp;<\/p>\n\t<h3>reiki<\/h3>\n\t<p>All human beings emit energy, this energy can be destructive or it can be healing, Reiki is the great manifestation of healing energy that human beings can handle to heal and heal<\/p>\n\t<h3>electromagnetic pulses<\/h3>\n\t<p>The human body works from thousands of electromagnetic exchanges between cells. Natural electromagnetic energy controls our body chemistry. If the cells are not healthy then the body is not healthy either. When pulsed electromagnetic field therapy is applied, it penetrates through the skin, deep into the tendons, muscles, bones, organs, activating natural chemical processes and amplifying the cell&#039;s natural repair capacity.<\/p>\n\t<ul>\n\t\t<li>I Ching<\/li>\n\t\t<li>crystal therapy<\/li>\n\t\t<li>Shussler salts and Bach flowers<\/li>\n\t\t<li>emotional release<\/li>\n\t\t<li>emotional intelligence<\/li>\n\t\t<li>Communication problems and voice broadcast<\/li>\n\t\t<li>breathing techniques<\/li>\n\t\t<li>Guided Meditations<\/li>\n\t\t<li>electromagnetic pulse bed<\/li>\n\t<\/ul>\n\t<p>&nbsp;<\/p>\n\t<p class=\"texto-centro\"><a href=\"https:\/\/wa.me\/524426126027\" target=\"_blank\" class=\"boton color-tres\" style=\"font-size:1.8em;\" rel=\"noopener\">Schedule your appointment!<\/a><\/p>\n<\/div>","protected":false},"excerpt":{"rendered":"<p>\u201cLa voz humana y el proceso respiratorio como medio para tu desarrollo interior\u201d La curaci\u00f3n a trav\u00e9s de la voz desarrolla el poder de convocatoria y convencimiento, la seguridad personal y forma un aparato respiratorio resistente y eso nos permite meditar m\u00e1s profundo y tranquilizarte cuando as\u00ed lo requieras o tener m\u00e1s energ\u00edas si as\u00ed &#8230; <a title=\"holistic singing\" class=\"read-more\" href=\"https:\/\/cantoyespiritu.com\/en\/canto-holistico\/\" aria-label=\"More on Canto hol\u00edstico\">Read more<\/a><\/p>","protected":false},"author":1,"featured_media":0,"parent":0,"menu_order":0,"comment_status":"closed","ping_status":"closed","template":"","meta":{"footnotes":""},"class_list":["post-58","page","type-page","status-publish"],"_links":{"self":[{"href":"https:\/\/cantoyespiritu.com\/en\/wp-json\/wp\/v2\/pages\/58","targetHints":{"allow":["GET"]}}],"collection":[{"href":"https:\/\/cantoyespiritu.com\/en\/wp-json\/wp\/v2\/pages"}],"about":[{"href":"https:\/\/cantoyespiritu.com\/en\/wp-json\/wp\/v2\/types\/page"}],"author":[{"embeddable":true,"href":"https:\/\/cantoyespiritu.com\/en\/wp-json\/wp\/v2\/users\/1"}],"replies":[{"embeddable":true,"href":"https:\/\/cantoyespiritu.com\/en\/wp-json\/wp\/v2\/comments?post=58"}],"version-history":[{"count":4,"href":"https:\/\/cantoyespiritu.com\/en\/wp-json\/wp\/v2\/pages\/58\/revisions"}],"predecessor-version":[{"id":74,"href":"https:\/\/cantoyespiritu.com\/en\/wp-json\/wp\/v2\/pages\/58\/revisions\/74"}],"wp:attachment":[{"href":"https:\/\/cantoyespiritu.com\/en\/wp-json\/wp\/v2\/media?parent=58"}],"curies":[{"name":"wp","href":"https:\/\/api.w.org\/{rel}","templated":true}]}}