{"id":16,"date":"2022-05-30T22:00:56","date_gmt":"2022-05-30T22:00:56","guid":{"rendered":"https:\/\/cantoyespiritu.com\/?page_id=16"},"modified":"2022-06-21T19:46:53","modified_gmt":"2022-06-21T19:46:53","slug":"experiencia","status":"publish","type":"page","link":"https:\/\/cantoyespiritu.com\/en\/experiencia\/","title":{"rendered":"Master Martha Silva"},"content":{"rendered":"<div class=\"contenedor\">\n\t<img decoding=\"async\" src=\"\/wp-content\/uploads\/2022\/06\/Martha.jpg\" alt=\"Martha Silva\" style=\"width:100%;\">\n\t<p style=\"color:#555;\">More than 28 years in the teaching and professional performance of vocal music.<\/p>\n\t<h2>music career<\/h2>\n\t<p>Ms. Silva began her musical apprenticeship at the age of 6 in a German school for boys in Mexico City.<\/p>\n\t<p>At the age of 9, he entered the Jos\u00e9 Guadalupe Vel\u00e1zquez Conservatory of Music in Quer\u00e9taro and at 13 the School of Fine Arts of the UAQ (Autonomous University of Quer\u00e9taro).<\/p>\n\t<p>He studied the Baccalaureate in Music and the Licentiate in Gregorian Chant at the Superior School of Sacred Music of the Diocese of Le\u00f3n, Guanajuato, under the direction of the Presbyter and Doctor in the matter Don Silvino Robles Guti\u00e9rrez Velazco.<\/p>\n\t<p>Later, he studied a Bachelor of Singing at the &quot;Oll\u00edn Yoliztli&quot; School (life and movement) in Mexico City, with the teacher and first figure of opera Irma Gonz\u00e1lez and a Bachelor of Music Education at the Faculty of Fine Arts of the UAQ.<\/p>\n\t<p>He graduated in choral conducting from the National Council for Culture and the Arts. In 2002 he traveled to the City of Milan, Italy, where he studied specialization in Baroque and Renaissance singing, with the teacher Claudine Anserment (awarded as the best singer of early music worldwide in 2002) and lyrical singing with the soprano Cecilia Albanese.<\/p>\n\t<p>She worked for 16 years as a singing teacher at the Faculty of Fine Arts of the UAQ, also collaborating as a voice teacher in the theater area.<\/p>\n\t<p>He taught for 3 years at the Instituto de Estudios Superiores de Monterrey. He founded and directed the UAQ choir, working hand in hand with Maestro Aurelio Olivera and Maestro Jes\u00fas Almanza. He founded and directed the vocal ensembles &#039;Antigua&#039; and &#039;Queregua&#039; and the Sierra Gorda Chamber Choir in Jalpan de Serra.<\/p>\n\t<p>He has conducted choral works such as &quot;Carmina Burana&quot; by Carl Orff, Beethoven&#039;s Ninth Choral Symphony, &quot;Vision of the Vanquished&quot; by Manuel Enr\u00edquez, opera choirs such as Traviata and La Boh\u00e9me, Gloria by Vivaldi and countless works for chamber choir and vocal ensemble.<\/p>\n\t<p>As a soloist, he has sung cantatas 51 and 202 by Johann Sebastian Bach for solo soprano and orchestra (baroque), Mozart&#039;s Requiem, Mozart&#039;s Coronation Mass, Vivaldi&#039;s Gloria, H\u00e4ndel&#039;s Messiah and the premiere in Mexico of the cantata \u201cDelizie Terrene \u201d by G. Batista Brevi.<\/p>\n\t<p>He has given innumerable recitals and concerts singing Mexican music, lieder, opera, Spanish, English and musical music.<\/p>\n\t<p>It should be noted that he is a member of the Ricardo Palmer\u00edn Association, which is dedicated to supporting and promoting Yucatecan music.<\/p>\n\t<p>She is currently the director of \u201cColibr\u00ed\u201d Vocal Ensemble, where she also participated as a soprano.<\/p>\n\t<h2>Holistic Preparation<\/h2>\n\t<p>Teacher Martha Silva is a lover of vocal processes using emotions as a tool, but she recognizes and loves emotional processes using voice and breathing as tools.<\/p>\n\t<p>For this reason, he has been prepared in various fields of Holistic knowledge, training as a Master in Reiki and certification course as &#039;Temazcalera&#039; with Dr. Maria Dolores Vargas (Doctor in Anthropology), certification course in Breathing Techniques. Self-taught in healing through crystals, electromagnetic pulses and a Course in Miracles.<\/p>\n\t<p>&nbsp;<\/p>\n\t<p class=\"texto-centro\"><a href=\"https:\/\/wa.me\/524426126027\" target=\"_blank\" class=\"boton color-tres\" style=\"font-size:1.8em;\" rel=\"noopener\">schedule appointment<\/a><\/p>\n<\/div>","protected":false},"excerpt":{"rendered":"<p>M\u00e1s de 28 a\u00f1os en la ense\u00f1anza y ejecuci\u00f3n profesional de la m\u00fasica vocal. Trayectoria musical La maestra Silva comenz\u00f3 su aprendizaje musical desde a la edad de 6 a\u00f1os en una escuela alemana para ni\u00f1os en la Ciudad de M\u00e9xico. A los 9 a\u00f1os ingres\u00f3 al Conservatorio de M\u00fasica Jos\u00e9 Guadalupe Vel\u00e1zquez de Quer\u00e9taro &#8230; <a title=\"Master Martha Silva\" class=\"read-more\" href=\"https:\/\/cantoyespiritu.com\/en\/experiencia\/\" aria-label=\"More on Maestra Martha Silva\">Read more<\/a><\/p>","protected":false},"author":1,"featured_media":14,"parent":0,"menu_order":0,"comment_status":"closed","ping_status":"closed","template":"","meta":{"footnotes":""},"class_list":["post-16","page","type-page","status-publish","has-post-thumbnail"],"_links":{"self":[{"href":"https:\/\/cantoyespiritu.com\/en\/wp-json\/wp\/v2\/pages\/16","targetHints":{"allow":["GET"]}}],"collection":[{"href":"https:\/\/cantoyespiritu.com\/en\/wp-json\/wp\/v2\/pages"}],"about":[{"href":"https:\/\/cantoyespiritu.com\/en\/wp-json\/wp\/v2\/types\/page"}],"author":[{"embeddable":true,"href":"https:\/\/cantoyespiritu.com\/en\/wp-json\/wp\/v2\/users\/1"}],"replies":[{"embeddable":true,"href":"https:\/\/cantoyespiritu.com\/en\/wp-json\/wp\/v2\/comments?post=16"}],"version-history":[{"count":5,"href":"https:\/\/cantoyespiritu.com\/en\/wp-json\/wp\/v2\/pages\/16\/revisions"}],"predecessor-version":[{"id":68,"href":"https:\/\/cantoyespiritu.com\/en\/wp-json\/wp\/v2\/pages\/16\/revisions\/68"}],"wp:featuredmedia":[{"embeddable":true,"href":"https:\/\/cantoyespiritu.com\/en\/wp-json\/wp\/v2\/media\/14"}],"wp:attachment":[{"href":"https:\/\/cantoyespiritu.com\/en\/wp-json\/wp\/v2\/media?parent=16"}],"curies":[{"name":"wp","href":"https:\/\/api.w.org\/{rel}","templated":true}]}}