{"id":12,"date":"2022-05-30T21:59:57","date_gmt":"2022-05-30T21:59:57","guid":{"rendered":"https:\/\/cantoyespiritu.com\/?page_id=12"},"modified":"2024-01-23T10:16:20","modified_gmt":"2024-01-23T10:16:20","slug":"clases","status":"publish","type":"page","link":"https:\/\/cantoyespiritu.com\/en\/clases\/","title":{"rendered":"Singing classes in Queretaro"},"content":{"rendered":"<div class=\"contenedor\">\n\t<p>Each individual and each voice is unique in their learning course, so the one-to-one classes allow you to create a personalized study plan, preparing different exercises not only for each important technical element but also for the recognition of your projection and emission capacity. of the voice through breathing and the connection with your emotion, you will develop the capacity for musical expression necessary to sing.<\/p>\n\t<div class=\"alternado\">\n\t\t<div class=\"par\">\n\t\t\t<div class=\"img izq\">\n\t\t\t\t<div class=\"foto\" style=\"background-image: url('\/wp-content\/uploads\/2022\/06\/4.jpg');\"><\/div>\n\t\t\t<\/div>\n\t\t\t<div class=\"txt der\">\n\t\t\t\t<h3>Classes of Classical Singing and Popular Singing<\/h3>\n\t\t\t\t<p>The correct vocal technique is a common trunk from which the interpretation of popular music in all its genres and the interpretation of classical music in all its genres start.<\/p>\n\t\t\t\t<p><b>Addressed to:<\/b> Adolescents and adults (from 13 years for women and 17 for men).<\/p>\n\t\t\t\t<p><b>Class duration:<\/b> 50 minutes<\/p>\n\t\t\t<\/div>\n\t\t<\/div>\n\t\t<div class=\"par\">\n\t\t\t<div class=\"txt izq\">\n\t\t\t\t<h3>Broadcast and communication problems<\/h3>\n\t\t\t\t<p><b>Addressed to:<\/b> People with cleft lip\/palate problems, announcers, actors, speakers, people from the media and the general public.<\/p>\n\t\t\t\t<p>In communication disorders there may be problems of expression, pronunciation, fluency and even reception or social use of language. To ensure that we are receiving and transmitting the message correctly, it is important to know how to counteract communication barriers such as the appearance of the presence of meaningless phrases or inconclusive ideas, noises, frequency of silences and take into account non-verbal language and tone. used.<\/p>\n\t\t\t<\/div>\n\t\t\t<div class=\"img der\">\n\t\t\t\t<div class=\"foto\" style=\"background-image: url('\/wp-content\/uploads\/2022\/06\/1.jpg');\"><\/div>\n\t\t\t<\/div>\n\t\t<\/div>\n\t\t<div class=\"par\">\n\t\t\t<div class=\"img izq\">\n\t\t\t\t<div class=\"foto\" style=\"background-image: url('\/wp-content\/uploads\/2022\/06\/2.jpg');\"><\/div>\n\t\t\t<\/div>\n\t\t\t<div class=\"txt der\">\n\t\t\t\t<h3>Breathing and speaking techniques<\/h3>\n\t\t\t\t<p><b>Addressed to:<\/b> Broadcasters, reporters, speakers, media people and the general public.<\/p>\n\t\t\t\t<p>To use the voice professionally there are different practices of voice education, diction, modulation, voice placement, projection and mastery of the maxillofacial muscles.<\/p>\n\t\t\t<\/div>\n\t\t<\/div>\n\t\t<div class=\"par\">\n\t\t\t<div class=\"txt izq\">\n\t\t\t\t<h3><a href=\"https:\/\/cantoyespiritu.com\/en\/canto-holistico\/\">Holistic Singing and Alternative Therapies<\/a><\/h3>\n\t\t\t\t<p>If the lump in my throat did not become a song, where would my feet and my heart take me?<\/p>\n\t\t\t\t<p><a href=\"https:\/\/cantoyespiritu.com\/en\/canto-holistico\/\" class=\"boton\">learn more<\/a><\/p>\n\t\t\t<\/div>\n\t\t\t<div class=\"img der\">\n\t\t\t\t<div class=\"foto\" style=\"background-image: url('\/wp-content\/uploads\/2022\/06\/3.jpg');\"><\/div>\n\t\t\t<\/div>\n\t\t<\/div>\n\t<\/div>\n\t<p>&nbsp;<\/p>\n\t<p class=\"texto-centro\"><a href=\"https:\/\/wa.me\/524426126027\" target=\"_blank\" class=\"boton color-tres\" style=\"font-size:1.8em;\" rel=\"noopener\">Schedule your class!<\/a><\/p>\n<\/div>","protected":false},"excerpt":{"rendered":"<p>Cada individuo y cada voz es \u00fanica en su curso de aprendizaje por ello las clases uno a uno permiten crear un plan de estudios personalizado, preparado diferentes ejercicios no solo para cada elemento t\u00e9cnico importante si no tambi\u00e9n para el reconocimiento de su capacidad de proyecci\u00f3n y emisi\u00f3n de la voz a trav\u00e9s de &#8230; <a title=\"Singing classes in Queretaro\" class=\"read-more\" href=\"https:\/\/cantoyespiritu.com\/en\/clases\/\" aria-label=\"More on Clases de canto en Queretaro\">Read more<\/a><\/p>","protected":false},"author":1,"featured_media":14,"parent":0,"menu_order":0,"comment_status":"closed","ping_status":"closed","template":"","meta":{"footnotes":""},"class_list":["post-12","page","type-page","status-publish","has-post-thumbnail"],"_links":{"self":[{"href":"https:\/\/cantoyespiritu.com\/en\/wp-json\/wp\/v2\/pages\/12","targetHints":{"allow":["GET"]}}],"collection":[{"href":"https:\/\/cantoyespiritu.com\/en\/wp-json\/wp\/v2\/pages"}],"about":[{"href":"https:\/\/cantoyespiritu.com\/en\/wp-json\/wp\/v2\/types\/page"}],"author":[{"embeddable":true,"href":"https:\/\/cantoyespiritu.com\/en\/wp-json\/wp\/v2\/users\/1"}],"replies":[{"embeddable":true,"href":"https:\/\/cantoyespiritu.com\/en\/wp-json\/wp\/v2\/comments?post=12"}],"version-history":[{"count":9,"href":"https:\/\/cantoyespiritu.com\/en\/wp-json\/wp\/v2\/pages\/12\/revisions"}],"predecessor-version":[{"id":100,"href":"https:\/\/cantoyespiritu.com\/en\/wp-json\/wp\/v2\/pages\/12\/revisions\/100"}],"wp:featuredmedia":[{"embeddable":true,"href":"https:\/\/cantoyespiritu.com\/en\/wp-json\/wp\/v2\/media\/14"}],"wp:attachment":[{"href":"https:\/\/cantoyespiritu.com\/en\/wp-json\/wp\/v2\/media?parent=12"}],"curies":[{"name":"wp","href":"https:\/\/api.w.org\/{rel}","templated":true}]}}